{"id":92,"date":"2022-06-24T16:43:45","date_gmt":"2022-06-24T19:43:45","guid":{"rendered":"https:\/\/superperalta.com.br\/orcamento-online\/?post_type=product&#038;p=92"},"modified":"2026-05-04T11:14:24","modified_gmt":"2026-05-04T14:14:24","slug":"refrigerante-agua","status":"publish","type":"product","link":"https:\/\/superperalta.com.br\/orcamento-online\/produto\/refrigerante-agua\/","title":{"rendered":"Coca-Cola normal e zero \/ Guaran\u00e1 Antarctica + \u00c1gua mineral"},"content":{"rendered":"","protected":false},"excerpt":{"rendered":"<p>Coca-Cola normal e Zero<br \/>\nGuaran\u00e1 Ant\u00e1rtica<br \/>\n\u00c1gua Mineral<\/p>\n","protected":false},"featured_media":0,"comment_status":"open","ping_status":"closed","template":"","meta":[],"product_brand":[],"product_cat":[17],"product_tag":[],"class_list":{"0":"post-92","1":"product","2":"type-product","3":"status-publish","5":"product_cat-bebidas-valores-por-pessoa","7":"first","8":"instock","9":"shipping-taxable","10":"purchasable","11":"product-type-simple"},"yoast_head":"<!-- This site is optimized with the Yoast SEO plugin v27.5 - https:\/\/yoast.com\/product\/yoast-seo-wordpress\/ -->\n<title>Coca-Cola normal e zero \/ Guaran\u00e1 Antarctica + \u00c1gua mineral - Or\u00e7amento on-line<\/title>\n<meta name=\"robots\" content=\"index, follow, max-snippet:-1, max-image-preview:large, max-video-preview:-1\" \/>\n<link rel=\"canonical\" href=\"https:\/\/superperalta.com.br\/orcamento-online\/produto\/refrigerante-agua\/\" \/>\n<meta property=\"og:locale\" content=\"pt_BR\" \/>\n<meta property=\"og:type\" content=\"article\" \/>\n<meta property=\"og:title\" content=\"Coca-Cola normal e zero \/ Guaran\u00e1 Antarctica + \u00c1gua mineral - Or\u00e7amento on-line\" \/>\n<meta property=\"og:description\" content=\"Coca-Cola normal e Zero Guaran\u00e1 Ant\u00e1rtica \u00c1gua Mineral\" \/>\n<meta property=\"og:url\" content=\"https:\/\/superperalta.com.br\/orcamento-online\/produto\/refrigerante-agua\/\" \/>\n<meta property=\"og:site_name\" content=\"Or\u00e7amento on-line\" \/>\n<meta property=\"article:modified_time\" content=\"2026-05-04T14:14:24+00:00\" \/>\n<meta property=\"og:image\" content=\"https:\/\/superperalta.com.br\/orcamento-online\/wp-content\/uploads\/2024\/02\/favicon-superperalta.png\" \/>\n\t<meta property=\"og:image:width\" content=\"512\" \/>\n\t<meta property=\"og:image:height\" content=\"512\" \/>\n\t<meta property=\"og:image:type\" content=\"image\/png\" \/>\n<meta name=\"twitter:card\" content=\"summary_large_image\" \/>\n<script type=\"application\/ld+json\" class=\"yoast-schema-graph\">{\"@context\":\"https:\\\/\\\/schema.org\",\"@graph\":[{\"@type\":\"WebPage\",\"@id\":\"https:\\\/\\\/superperalta.com.br\\\/orcamento-online\\\/produto\\\/refrigerante-agua\\\/\",\"url\":\"https:\\\/\\\/superperalta.com.br\\\/orcamento-online\\\/produto\\\/refrigerante-agua\\\/\",\"name\":\"Coca-Cola normal e zero \\\/ Guaran\u00e1 Antarctica + \u00c1gua mineral - Or\u00e7amento on-line\",\"isPartOf\":{\"@id\":\"https:\\\/\\\/superperalta.com.br\\\/orcamento-online\\\/#website\"},\"datePublished\":\"2022-06-24T19:43:45+00:00\",\"dateModified\":\"2026-05-04T14:14:24+00:00\",\"breadcrumb\":{\"@id\":\"https:\\\/\\\/superperalta.com.br\\\/orcamento-online\\\/produto\\\/refrigerante-agua\\\/#breadcrumb\"},\"inLanguage\":\"pt-BR\",\"potentialAction\":[{\"@type\":\"ReadAction\",\"target\":[\"https:\\\/\\\/superperalta.com.br\\\/orcamento-online\\\/produto\\\/refrigerante-agua\\\/\"]}]},{\"@type\":\"BreadcrumbList\",\"@id\":\"https:\\\/\\\/superperalta.com.br\\\/orcamento-online\\\/produto\\\/refrigerante-agua\\\/#breadcrumb\",\"itemListElement\":[{\"@type\":\"ListItem\",\"position\":1,\"name\":\"In\u00edcio\",\"item\":\"https:\\\/\\\/superperalta.com.br\\\/orcamento-online\\\/\"},{\"@type\":\"ListItem\",\"position\":2,\"name\":\"Produtos\",\"item\":\"https:\\\/\\\/superperalta.com.br\\\/orcamento-online\\\/shop\\\/\"},{\"@type\":\"ListItem\",\"position\":3,\"name\":\"Coca-Cola normal e zero \\\/ Guaran\u00e1 Antarctica + \u00c1gua mineral\"}]},{\"@type\":\"WebSite\",\"@id\":\"https:\\\/\\\/superperalta.com.br\\\/orcamento-online\\\/#website\",\"url\":\"https:\\\/\\\/superperalta.com.br\\\/orcamento-online\\\/\",\"name\":\"Or\u00e7amento on-line\",\"description\":\"\",\"publisher\":{\"@id\":\"https:\\\/\\\/superperalta.com.br\\\/orcamento-online\\\/#organization\"},\"potentialAction\":[{\"@type\":\"SearchAction\",\"target\":{\"@type\":\"EntryPoint\",\"urlTemplate\":\"https:\\\/\\\/superperalta.com.br\\\/orcamento-online\\\/?s={search_term_string}\"},\"query-input\":{\"@type\":\"PropertyValueSpecification\",\"valueRequired\":true,\"valueName\":\"search_term_string\"}}],\"inLanguage\":\"pt-BR\"},{\"@type\":\"Organization\",\"@id\":\"https:\\\/\\\/superperalta.com.br\\\/orcamento-online\\\/#organization\",\"name\":\"Or\u00e7amento on-line\",\"url\":\"https:\\\/\\\/superperalta.com.br\\\/orcamento-online\\\/\",\"logo\":{\"@type\":\"ImageObject\",\"inLanguage\":\"pt-BR\",\"@id\":\"https:\\\/\\\/superperalta.com.br\\\/orcamento-online\\\/#\\\/schema\\\/logo\\\/image\\\/\",\"url\":\"https:\\\/\\\/superperalta.com.br\\\/orcamento-online\\\/wp-content\\\/uploads\\\/2024\\\/02\\\/favicon-superperalta.png\",\"contentUrl\":\"https:\\\/\\\/superperalta.com.br\\\/orcamento-online\\\/wp-content\\\/uploads\\\/2024\\\/02\\\/favicon-superperalta.png\",\"width\":512,\"height\":512,\"caption\":\"Or\u00e7amento on-line\"},\"image\":{\"@id\":\"https:\\\/\\\/superperalta.com.br\\\/orcamento-online\\\/#\\\/schema\\\/logo\\\/image\\\/\"}}]}<\/script>\n<!-- \/ Yoast SEO plugin. -->","yoast_head_json":{"title":"Coca-Cola normal e zero \/ Guaran\u00e1 Antarctica + \u00c1gua mineral - Or\u00e7amento on-line","robots":{"index":"index","follow":"follow","max-snippet":"max-snippet:-1","max-image-preview":"max-image-preview:large","max-video-preview":"max-video-preview:-1"},"canonical":"https:\/\/superperalta.com.br\/orcamento-online\/produto\/refrigerante-agua\/","og_locale":"pt_BR","og_type":"article","og_title":"Coca-Cola normal e zero \/ Guaran\u00e1 Antarctica + \u00c1gua mineral - Or\u00e7amento on-line","og_description":"Coca-Cola normal e Zero Guaran\u00e1 Ant\u00e1rtica \u00c1gua Mineral","og_url":"https:\/\/superperalta.com.br\/orcamento-online\/produto\/refrigerante-agua\/","og_site_name":"Or\u00e7amento on-line","article_modified_time":"2026-05-04T14:14:24+00:00","og_image":[{"width":512,"height":512,"url":"https:\/\/superperalta.com.br\/orcamento-online\/wp-content\/uploads\/2024\/02\/favicon-superperalta.png","type":"image\/png"}],"twitter_card":"summary_large_image","schema":{"@context":"https:\/\/schema.org","@graph":[{"@type":"WebPage","@id":"https:\/\/superperalta.com.br\/orcamento-online\/produto\/refrigerante-agua\/","url":"https:\/\/superperalta.com.br\/orcamento-online\/produto\/refrigerante-agua\/","name":"Coca-Cola normal e zero \/ Guaran\u00e1 Antarctica + \u00c1gua mineral - Or\u00e7amento on-line","isPartOf":{"@id":"https:\/\/superperalta.com.br\/orcamento-online\/#website"},"datePublished":"2022-06-24T19:43:45+00:00","dateModified":"2026-05-04T14:14:24+00:00","breadcrumb":{"@id":"https:\/\/superperalta.com.br\/orcamento-online\/produto\/refrigerante-agua\/#breadcrumb"},"inLanguage":"pt-BR","potentialAction":[{"@type":"ReadAction","target":["https:\/\/superperalta.com.br\/orcamento-online\/produto\/refrigerante-agua\/"]}]},{"@type":"BreadcrumbList","@id":"https:\/\/superperalta.com.br\/orcamento-online\/produto\/refrigerante-agua\/#breadcrumb","itemListElement":[{"@type":"ListItem","position":1,"name":"In\u00edcio","item":"https:\/\/superperalta.com.br\/orcamento-online\/"},{"@type":"ListItem","position":2,"name":"Produtos","item":"https:\/\/superperalta.com.br\/orcamento-online\/shop\/"},{"@type":"ListItem","position":3,"name":"Coca-Cola normal e zero \/ Guaran\u00e1 Antarctica + \u00c1gua mineral"}]},{"@type":"WebSite","@id":"https:\/\/superperalta.com.br\/orcamento-online\/#website","url":"https:\/\/superperalta.com.br\/orcamento-online\/","name":"Or\u00e7amento on-line","description":"","publisher":{"@id":"https:\/\/superperalta.com.br\/orcamento-online\/#organization"},"potentialAction":[{"@type":"SearchAction","target":{"@type":"EntryPoint","urlTemplate":"https:\/\/superperalta.com.br\/orcamento-online\/?s={search_term_string}"},"query-input":{"@type":"PropertyValueSpecification","valueRequired":true,"valueName":"search_term_string"}}],"inLanguage":"pt-BR"},{"@type":"Organization","@id":"https:\/\/superperalta.com.br\/orcamento-online\/#organization","name":"Or\u00e7amento on-line","url":"https:\/\/superperalta.com.br\/orcamento-online\/","logo":{"@type":"ImageObject","inLanguage":"pt-BR","@id":"https:\/\/superperalta.com.br\/orcamento-online\/#\/schema\/logo\/image\/","url":"https:\/\/superperalta.com.br\/orcamento-online\/wp-content\/uploads\/2024\/02\/favicon-superperalta.png","contentUrl":"https:\/\/superperalta.com.br\/orcamento-online\/wp-content\/uploads\/2024\/02\/favicon-superperalta.png","width":512,"height":512,"caption":"Or\u00e7amento on-line"},"image":{"@id":"https:\/\/superperalta.com.br\/orcamento-online\/#\/schema\/logo\/image\/"}}]}},"_links":{"self":[{"href":"https:\/\/superperalta.com.br\/orcamento-online\/wp-json\/wp\/v2\/product\/92","targetHints":{"allow":["GET"]}}],"collection":[{"href":"https:\/\/superperalta.com.br\/orcamento-online\/wp-json\/wp\/v2\/product"}],"about":[{"href":"https:\/\/superperalta.com.br\/orcamento-online\/wp-json\/wp\/v2\/types\/product"}],"replies":[{"embeddable":true,"href":"https:\/\/superperalta.com.br\/orcamento-online\/wp-json\/wp\/v2\/comments?post=92"}],"wp:attachment":[{"href":"https:\/\/superperalta.com.br\/orcamento-online\/wp-json\/wp\/v2\/media?parent=92"}],"wp:term":[{"taxonomy":"product_brand","embeddable":true,"href":"https:\/\/superperalta.com.br\/orcamento-online\/wp-json\/wp\/v2\/product_brand?post=92"},{"taxonomy":"product_cat","embeddable":true,"href":"https:\/\/superperalta.com.br\/orcamento-online\/wp-json\/wp\/v2\/product_cat?post=92"},{"taxonomy":"product_tag","embeddable":true,"href":"https:\/\/superperalta.com.br\/orcamento-online\/wp-json\/wp\/v2\/product_tag?post=92"}],"curies":[{"name":"wp","href":"https:\/\/api.w.org\/{rel}","templated":true}]}}